{"id":2393,"date":"2022-10-11T13:50:51","date_gmt":"2022-10-11T16:50:51","guid":{"rendered":"https:\/\/200.11.120.99\/~cadeguin\/classificados\/?post_type=product&#038;p=2393"},"modified":"2022-10-11T13:54:07","modified_gmt":"2022-10-11T16:54:07","slug":"guincho-ford-cargo-1618-1988","status":"publish","type":"product","link":"https:\/\/cadeguincho.com\/classificados\/produto\/guincho-ford-cargo-1618-1988\/","title":{"rendered":"Guincho Ford Cargo 1618 1988"},"content":{"rendered":"<p><strong>Modelo<\/strong>: Cargo 1618<br \/>\n<strong>Ano\/Modelo<\/strong>: 1988<br \/>\n<strong>Cor<\/strong>: Branco e vermelho<br \/>\n<strong>Documenta\u00e7\u00e3o<\/strong>: ok<\/p>\n<p>&#8211; Motor original Ford;<br \/>\n&#8211; C\u00e2mbio 6 marchas + reduzido;<br \/>\n&#8211; Mec\u00e2nica operacional, autoriza\u00e7\u00e3o de giroflex, rodoar e climatizador;<br \/>\n&#8211; Pneus meia vida;<br \/>\n&#8211; Sistema do acionamento dos cabos \u00e9 hidr\u00e1ulico e est\u00e1 lento, precisa regular ou trocar bomba;<br \/>\n&#8211; Est\u00e1 em S\u00e3o Paulo.<\/p>\n<p>Aceita troca em ve\u00edculo, com valor justo.<\/p>\n<p><strong>Se interessou? Deixe as suas informa\u00e7\u00f5es abaixo que entraremos em contato!\u00a0<\/strong><\/p>\n<div id='contact-form-2393'>\n<form action='https:\/\/cadeguincho.com\/classificados\/produto\/guincho-ford-cargo-1618-1988\/#contact-form-2393' method='post' class='contact-form commentsblock'>\n\n<div class='grunion-field-wrap grunion-field-name-wrap'  >\n<label\n\t\t\t\tfor='g2393-nome'\n\t\t\t\tclass='grunion-field-label name'\n\t\t\t\t>Nome<span>(obrigat\u00f3rio)<\/span><\/label>\n<input\n\t\t\t\t\ttype='text'\n\t\t\t\t\tname='g2393-nome'\n\t\t\t\t\tid='g2393-nome'\n\t\t\t\t\tvalue=''\n\t\t\t\t\tclass='name' \n\t\t\t\t\trequired aria-required='true'\n\t\t\t\t\/>\n\t<\/div>\n\n<div class='grunion-field-wrap grunion-field-name-wrap'  >\n<label\n\t\t\t\tfor='g2393-telefone'\n\t\t\t\tclass='grunion-field-label name'\n\t\t\t\t>Telefone<span>(obrigat\u00f3rio)<\/span><\/label>\n<input\n\t\t\t\t\ttype='text'\n\t\t\t\t\tname='g2393-telefone'\n\t\t\t\t\tid='g2393-telefone'\n\t\t\t\t\tvalue=''\n\t\t\t\t\tclass='name' \n\t\t\t\t\trequired aria-required='true'\n\t\t\t\t\/>\n\t<\/div>\n\n<div class='grunion-field-wrap grunion-field-email-wrap'  >\n<label\n\t\t\t\tfor='g2393-email'\n\t\t\t\tclass='grunion-field-label email'\n\t\t\t\t>E-mail<\/label>\n<input\n\t\t\t\t\ttype='email'\n\t\t\t\t\tname='g2393-email'\n\t\t\t\t\tid='g2393-email'\n\t\t\t\t\tvalue=''\n\t\t\t\t\tclass='email' \n\t\t\t\t\t\n\t\t\t\t\/>\n\t<\/div>\n\n<div class='grunion-field-wrap grunion-field-textarea-wrap'  >\n<label\n\t\t\t\tfor='contact-form-comment-g2393-mensagem'\n\t\t\t\tclass='grunion-field-label textarea'\n\t\t\t\t>Mensagem<\/label>\n<textarea\n\t\t                name='g2393-mensagem'\n\t\t                id='contact-form-comment-g2393-mensagem'\n\t\t                rows='20' class='textarea'  ><\/textarea>\n\t<\/div>\n\t<p class='contact-submit'>\n\t\t<button type='submit' class='pushbutton-wide'>Enviar<\/button>\t\t<input type='hidden' name='contact-form-id' value='2393' \/>\n\t\t<input type='hidden' name='action' value='grunion-contact-form' \/>\n\t\t<input type='hidden' name='contact-form-hash' value='b99fee0cd7282d14e73f90d43f6b521086533892' \/>\n\t<\/p>\n<\/form>\n<\/div>\n","protected":false},"excerpt":{"rendered":"<p>Modelo: Cargo 1618 Ano\/Modelo: 1988 Cor: Branco e vermelho Documenta\u00e7\u00e3o: ok &#8211; Motor original Ford; &#8211; C\u00e2mbio 6 marchas + reduzido; &#8211; Mec\u00e2nica operacional, autoriza\u00e7\u00e3o de giroflex, rodoar e climatizador; &#8211; Pneus meia vida; &#8211; Sistema do acionamento dos cabos \u00e9 hidr\u00e1ulico e est\u00e1 lento, precisa regular ou trocar bomba; &#8211; Est\u00e1 em S\u00e3o Paulo. [&hellip;]<\/p>\n","protected":false},"featured_media":2400,"comment_status":"open","ping_status":"closed","template":"","meta":{"ocean_post_layout":"","ocean_both_sidebars_style":"","ocean_both_sidebars_content_width":0,"ocean_both_sidebars_sidebars_width":0,"ocean_sidebar":"","ocean_second_sidebar":"","ocean_disable_margins":"enable","ocean_add_body_class":"","ocean_shortcode_before_top_bar":"","ocean_shortcode_after_top_bar":"","ocean_shortcode_before_header":"","ocean_shortcode_after_header":"","ocean_has_shortcode":"","ocean_shortcode_after_title":"","ocean_shortcode_before_footer_widgets":"","ocean_shortcode_after_footer_widgets":"","ocean_shortcode_before_footer_bottom":"","ocean_shortcode_after_footer_bottom":"","ocean_display_top_bar":"default","ocean_display_header":"default","ocean_header_style":"","ocean_center_header_left_menu":"","ocean_custom_header_template":"","ocean_custom_logo":0,"ocean_custom_retina_logo":0,"ocean_custom_logo_max_width":0,"ocean_custom_logo_tablet_max_width":0,"ocean_custom_logo_mobile_max_width":0,"ocean_custom_logo_max_height":0,"ocean_custom_logo_tablet_max_height":0,"ocean_custom_logo_mobile_max_height":0,"ocean_header_custom_menu":"","ocean_menu_typo_font_family":"","ocean_menu_typo_font_subset":"","ocean_menu_typo_font_size":0,"ocean_menu_typo_font_size_tablet":0,"ocean_menu_typo_font_size_mobile":0,"ocean_menu_typo_font_size_unit":"px","ocean_menu_typo_font_weight":"","ocean_menu_typo_font_weight_tablet":"","ocean_menu_typo_font_weight_mobile":"","ocean_menu_typo_transform":"","ocean_menu_typo_transform_tablet":"","ocean_menu_typo_transform_mobile":"","ocean_menu_typo_line_height":0,"ocean_menu_typo_line_height_tablet":0,"ocean_menu_typo_line_height_mobile":0,"ocean_menu_typo_line_height_unit":"","ocean_menu_typo_spacing":0,"ocean_menu_typo_spacing_tablet":0,"ocean_menu_typo_spacing_mobile":0,"ocean_menu_typo_spacing_unit":"","ocean_menu_link_color":"","ocean_menu_link_color_hover":"","ocean_menu_link_color_active":"","ocean_menu_link_background":"","ocean_menu_link_hover_background":"","ocean_menu_link_active_background":"","ocean_menu_social_links_bg":"","ocean_menu_social_hover_links_bg":"","ocean_menu_social_links_color":"","ocean_menu_social_hover_links_color":"","ocean_disable_title":"default","ocean_disable_heading":"default","ocean_post_title":"","ocean_post_subheading":"","ocean_post_title_style":"","ocean_post_title_background_color":"","ocean_post_title_background":0,"ocean_post_title_bg_image_position":"","ocean_post_title_bg_image_attachment":"","ocean_post_title_bg_image_repeat":"","ocean_post_title_bg_image_size":"","ocean_post_title_height":0,"ocean_post_title_bg_overlay":0.5,"ocean_post_title_bg_overlay_color":"","ocean_disable_breadcrumbs":"default","ocean_breadcrumbs_color":"","ocean_breadcrumbs_separator_color":"","ocean_breadcrumbs_links_color":"","ocean_breadcrumbs_links_hover_color":"","ocean_display_footer_widgets":"default","ocean_display_footer_bottom":"default","ocean_custom_footer_template":"","spay_email":""},"product_cat":[146,71],"product_tag":[147,142,135,148],"class_list":{"0":"post-2393","1":"product","2":"type-product","3":"status-publish","4":"has-post-thumbnail","5":"hentry","6":"product_cat-ford-cargo","7":"product_cat-guincho-pesado","8":"product_tag-cade-guincho","9":"product_tag-ford-cargo","10":"product_tag-guincho","11":"product_tag-guincho-pesado","13":"entry","14":"has-media","15":"owp-thumbs-layout-horizontal","16":"owp-btn-normal","17":"owp-tabs-layout-section"},"_links":{"self":[{"href":"https:\/\/cadeguincho.com\/classificados\/wp-json\/wp\/v2\/product\/2393","targetHints":{"allow":["GET"]}}],"collection":[{"href":"https:\/\/cadeguincho.com\/classificados\/wp-json\/wp\/v2\/product"}],"about":[{"href":"https:\/\/cadeguincho.com\/classificados\/wp-json\/wp\/v2\/types\/product"}],"replies":[{"embeddable":true,"href":"https:\/\/cadeguincho.com\/classificados\/wp-json\/wp\/v2\/comments?post=2393"}],"wp:featuredmedia":[{"embeddable":true,"href":"https:\/\/cadeguincho.com\/classificados\/wp-json\/wp\/v2\/media\/2400"}],"wp:attachment":[{"href":"https:\/\/cadeguincho.com\/classificados\/wp-json\/wp\/v2\/media?parent=2393"}],"wp:term":[{"taxonomy":"product_cat","embeddable":true,"href":"https:\/\/cadeguincho.com\/classificados\/wp-json\/wp\/v2\/product_cat?post=2393"},{"taxonomy":"product_tag","embeddable":true,"href":"https:\/\/cadeguincho.com\/classificados\/wp-json\/wp\/v2\/product_tag?post=2393"}],"curies":[{"name":"wp","href":"https:\/\/api.w.org\/{rel}","templated":true}]}}