{"id":2419,"date":"2022-11-09T09:46:40","date_gmt":"2022-11-09T12:46:40","guid":{"rendered":"https:\/\/200.11.120.99\/~cadeguin\/classificados\/?post_type=product&#038;p=2419"},"modified":"2026-03-24T10:47:39","modified_gmt":"2026-03-24T13:47:39","slug":"guincho-delivery-8150-ano-2009","status":"publish","type":"product","link":"https:\/\/cadeguincho.com\/classificados\/produto\/guincho-delivery-8150-ano-2009\/","title":{"rendered":"Guincho Delivery 8150 ano 2009"},"content":{"rendered":"<p><strong>Caminh\u00e3o guincho delivery 8150 [VENDIDO]<\/strong><\/p>\n<p><strong>Modelo<\/strong>: Delivery 8150<br \/>\n<strong>Ano\/Modelo<\/strong>: 2009<br \/>\n<strong>Cor<\/strong>: Branco e cinza<br \/>\n<strong>Documenta\u00e7\u00e3o<\/strong>: ok e operacional<\/p>\n<p>&#8211; Plataforma 5 metros com rampa para vucs e vans;<br \/>\n&#8211; Km 318000;<br \/>\n&#8211; Pneus meia vida;<br \/>\n&#8211; Redutor ensimec;<br \/>\n&#8211; Est\u00e1 em S\u00e3o Paulo;<br \/>\n&#8211; \u00c9 poss\u00edvel aceitar vlc (ve\u00edculo leve de carga).<\/p>\n","protected":false},"excerpt":{"rendered":"<p>Caminh\u00e3o guincho delivery 8150 [VENDIDO] Modelo: Delivery 8150 Ano\/Modelo: 2009 Cor: Branco e cinza Documenta\u00e7\u00e3o: ok e operacional &#8211; Plataforma 5 metros com rampa para vucs e vans; &#8211; Km 318000; &#8211; Pneus meia vida; &#8211; Redutor ensimec; &#8211; Est\u00e1 em S\u00e3o Paulo; &#8211; \u00c9 poss\u00edvel aceitar vlc (ve\u00edculo leve de carga).<\/p>\n","protected":false},"featured_media":2426,"comment_status":"open","ping_status":"closed","template":"","meta":{"ocean_post_layout":"","ocean_both_sidebars_style":"","ocean_both_sidebars_content_width":0,"ocean_both_sidebars_sidebars_width":0,"ocean_sidebar":"","ocean_second_sidebar":"","ocean_disable_margins":"enable","ocean_add_body_class":"","ocean_shortcode_before_top_bar":"","ocean_shortcode_after_top_bar":"","ocean_shortcode_before_header":"","ocean_shortcode_after_header":"","ocean_has_shortcode":"","ocean_shortcode_after_title":"","ocean_shortcode_before_footer_widgets":"","ocean_shortcode_after_footer_widgets":"","ocean_shortcode_before_footer_bottom":"","ocean_shortcode_after_footer_bottom":"","ocean_display_top_bar":"default","ocean_display_header":"default","ocean_header_style":"","ocean_center_header_left_menu":"","ocean_custom_header_template":"","ocean_custom_logo":0,"ocean_custom_retina_logo":0,"ocean_custom_logo_max_width":0,"ocean_custom_logo_tablet_max_width":0,"ocean_custom_logo_mobile_max_width":0,"ocean_custom_logo_max_height":0,"ocean_custom_logo_tablet_max_height":0,"ocean_custom_logo_mobile_max_height":0,"ocean_header_custom_menu":"","ocean_menu_typo_font_family":"","ocean_menu_typo_font_subset":"","ocean_menu_typo_font_size":0,"ocean_menu_typo_font_size_tablet":0,"ocean_menu_typo_font_size_mobile":0,"ocean_menu_typo_font_size_unit":"px","ocean_menu_typo_font_weight":"","ocean_menu_typo_font_weight_tablet":"","ocean_menu_typo_font_weight_mobile":"","ocean_menu_typo_transform":"","ocean_menu_typo_transform_tablet":"","ocean_menu_typo_transform_mobile":"","ocean_menu_typo_line_height":0,"ocean_menu_typo_line_height_tablet":0,"ocean_menu_typo_line_height_mobile":0,"ocean_menu_typo_line_height_unit":"","ocean_menu_typo_spacing":0,"ocean_menu_typo_spacing_tablet":0,"ocean_menu_typo_spacing_mobile":0,"ocean_menu_typo_spacing_unit":"","ocean_menu_link_color":"","ocean_menu_link_color_hover":"","ocean_menu_link_color_active":"","ocean_menu_link_background":"","ocean_menu_link_hover_background":"","ocean_menu_link_active_background":"","ocean_menu_social_links_bg":"","ocean_menu_social_hover_links_bg":"","ocean_menu_social_links_color":"","ocean_menu_social_hover_links_color":"","ocean_disable_title":"default","ocean_disable_heading":"default","ocean_post_title":"","ocean_post_subheading":"","ocean_post_title_style":"","ocean_post_title_background_color":"","ocean_post_title_background":0,"ocean_post_title_bg_image_position":"","ocean_post_title_bg_image_attachment":"","ocean_post_title_bg_image_repeat":"","ocean_post_title_bg_image_size":"","ocean_post_title_height":0,"ocean_post_title_bg_overlay":0.5,"ocean_post_title_bg_overlay_color":"","ocean_disable_breadcrumbs":"default","ocean_breadcrumbs_color":"","ocean_breadcrumbs_separator_color":"","ocean_breadcrumbs_links_color":"","ocean_breadcrumbs_links_hover_color":"","ocean_display_footer_widgets":"default","ocean_display_footer_bottom":"default","ocean_custom_footer_template":"","spay_email":""},"product_cat":[149,71,97],"product_tag":[147,56,135,96,150],"class_list":{"0":"post-2419","1":"product","2":"type-product","3":"status-publish","4":"has-post-thumbnail","5":"hentry","6":"product_cat-delivery","7":"product_cat-guincho-pesado","8":"product_cat-plataforma-de-pesados","9":"product_tag-cade-guincho","10":"product_tag-delivery","11":"product_tag-guincho","12":"product_tag-plataforma","13":"product_tag-redutor-ensimec","15":"entry","16":"has-media","17":"owp-thumbs-layout-horizontal","18":"owp-btn-normal","19":"owp-tabs-layout-section"},"_links":{"self":[{"href":"https:\/\/cadeguincho.com\/classificados\/wp-json\/wp\/v2\/product\/2419","targetHints":{"allow":["GET"]}}],"collection":[{"href":"https:\/\/cadeguincho.com\/classificados\/wp-json\/wp\/v2\/product"}],"about":[{"href":"https:\/\/cadeguincho.com\/classificados\/wp-json\/wp\/v2\/types\/product"}],"replies":[{"embeddable":true,"href":"https:\/\/cadeguincho.com\/classificados\/wp-json\/wp\/v2\/comments?post=2419"}],"wp:featuredmedia":[{"embeddable":true,"href":"https:\/\/cadeguincho.com\/classificados\/wp-json\/wp\/v2\/media\/2426"}],"wp:attachment":[{"href":"https:\/\/cadeguincho.com\/classificados\/wp-json\/wp\/v2\/media?parent=2419"}],"wp:term":[{"taxonomy":"product_cat","embeddable":true,"href":"https:\/\/cadeguincho.com\/classificados\/wp-json\/wp\/v2\/product_cat?post=2419"},{"taxonomy":"product_tag","embeddable":true,"href":"https:\/\/cadeguincho.com\/classificados\/wp-json\/wp\/v2\/product_tag?post=2419"}],"curies":[{"name":"wp","href":"https:\/\/api.w.org\/{rel}","templated":true}]}}