{"id":2932,"date":"2023-08-16T13:29:17","date_gmt":"2023-08-16T16:29:17","guid":{"rendered":"https:\/\/200.11.120.99\/~cadeguin\/classificados\/?post_type=product&#038;p=2932"},"modified":"2024-01-29T14:10:27","modified_gmt":"2024-01-29T17:10:27","slug":"guincho-ford-cargo-8160","status":"publish","type":"product","link":"https:\/\/cadeguincho.com\/classificados\/produto\/guincho-ford-cargo-8160\/","title":{"rendered":"Guincho Ford Cargo 8160"},"content":{"rendered":"<p><strong>Caminh\u00e3o Guincho Ford Cargo 8160 VENDIDO!<\/strong><\/p>\n<p><strong>Modelo:<\/strong> Ford Cargo 8160<br \/>\n<strong>Ano de fabrica\u00e7\u00e3o\/modelo:<\/strong> 2017\/2017<br \/>\n<strong>Documenta\u00e7\u00e3o:<\/strong> em dia<br \/>\n<strong>Quilometragem:<\/strong> 250 mil km<br \/>\n<strong>Plataforma:<\/strong> 5.5 com asa delta marca Engetruque com 2 pist\u00f5es de eleva\u00e7\u00e3o<br \/>\nPneus traseiros 80%<br \/>\nPneus dianteiros 30%<\/p>\n","protected":false},"excerpt":{"rendered":"<p>Caminh\u00e3o Guincho Ford Cargo 8160 VENDIDO! Modelo: Ford Cargo 8160 Ano de fabrica\u00e7\u00e3o\/modelo: 2017\/2017 Documenta\u00e7\u00e3o: em dia Quilometragem: 250 mil km Plataforma: 5.5 com asa delta marca Engetruque com 2 pist\u00f5es de eleva\u00e7\u00e3o Pneus traseiros 80% Pneus dianteiros 30%<\/p>\n","protected":false},"featured_media":2933,"comment_status":"open","ping_status":"closed","template":"","meta":{"ocean_post_layout":"","ocean_both_sidebars_style":"","ocean_both_sidebars_content_width":0,"ocean_both_sidebars_sidebars_width":0,"ocean_sidebar":"","ocean_second_sidebar":"","ocean_disable_margins":"enable","ocean_add_body_class":"","ocean_shortcode_before_top_bar":"","ocean_shortcode_after_top_bar":"","ocean_shortcode_before_header":"","ocean_shortcode_after_header":"","ocean_has_shortcode":"","ocean_shortcode_after_title":"","ocean_shortcode_before_footer_widgets":"","ocean_shortcode_after_footer_widgets":"","ocean_shortcode_before_footer_bottom":"","ocean_shortcode_after_footer_bottom":"","ocean_display_top_bar":"default","ocean_display_header":"default","ocean_header_style":"","ocean_center_header_left_menu":"","ocean_custom_header_template":"","ocean_custom_logo":0,"ocean_custom_retina_logo":0,"ocean_custom_logo_max_width":0,"ocean_custom_logo_tablet_max_width":0,"ocean_custom_logo_mobile_max_width":0,"ocean_custom_logo_max_height":0,"ocean_custom_logo_tablet_max_height":0,"ocean_custom_logo_mobile_max_height":0,"ocean_header_custom_menu":"","ocean_menu_typo_font_family":"","ocean_menu_typo_font_subset":"","ocean_menu_typo_font_size":0,"ocean_menu_typo_font_size_tablet":0,"ocean_menu_typo_font_size_mobile":0,"ocean_menu_typo_font_size_unit":"px","ocean_menu_typo_font_weight":"","ocean_menu_typo_font_weight_tablet":"","ocean_menu_typo_font_weight_mobile":"","ocean_menu_typo_transform":"","ocean_menu_typo_transform_tablet":"","ocean_menu_typo_transform_mobile":"","ocean_menu_typo_line_height":0,"ocean_menu_typo_line_height_tablet":0,"ocean_menu_typo_line_height_mobile":0,"ocean_menu_typo_line_height_unit":"","ocean_menu_typo_spacing":0,"ocean_menu_typo_spacing_tablet":0,"ocean_menu_typo_spacing_mobile":0,"ocean_menu_typo_spacing_unit":"","ocean_menu_link_color":"","ocean_menu_link_color_hover":"","ocean_menu_link_color_active":"","ocean_menu_link_background":"","ocean_menu_link_hover_background":"","ocean_menu_link_active_background":"","ocean_menu_social_links_bg":"","ocean_menu_social_hover_links_bg":"","ocean_menu_social_links_color":"","ocean_menu_social_hover_links_color":"","ocean_disable_title":"default","ocean_disable_heading":"default","ocean_post_title":"","ocean_post_subheading":"","ocean_post_title_style":"","ocean_post_title_background_color":"","ocean_post_title_background":0,"ocean_post_title_bg_image_position":"","ocean_post_title_bg_image_attachment":"","ocean_post_title_bg_image_repeat":"","ocean_post_title_bg_image_size":"","ocean_post_title_height":0,"ocean_post_title_bg_overlay":0.5,"ocean_post_title_bg_overlay_color":"","ocean_disable_breadcrumbs":"default","ocean_breadcrumbs_color":"","ocean_breadcrumbs_separator_color":"","ocean_breadcrumbs_links_color":"","ocean_breadcrumbs_links_hover_color":"","ocean_display_footer_widgets":"default","ocean_display_footer_bottom":"default","ocean_custom_footer_template":"","spay_email":""},"product_cat":[146,124,98],"product_tag":[38,147,145,49,64,142,96],"class_list":{"0":"post-2932","1":"product","2":"type-product","3":"status-publish","4":"has-post-thumbnail","5":"hentry","6":"product_cat-ford-cargo","7":"product_cat-plataforma-hidraulica","8":"product_cat-plataforma-leve","9":"product_tag-asa-delta","10":"product_tag-cade-guincho","11":"product_tag-caminhao-guincho","12":"product_tag-cargo","13":"product_tag-ford","14":"product_tag-ford-cargo","15":"product_tag-plataforma","17":"entry","18":"has-media","19":"owp-thumbs-layout-horizontal","20":"owp-btn-normal","21":"owp-tabs-layout-section"},"_links":{"self":[{"href":"https:\/\/cadeguincho.com\/classificados\/wp-json\/wp\/v2\/product\/2932","targetHints":{"allow":["GET"]}}],"collection":[{"href":"https:\/\/cadeguincho.com\/classificados\/wp-json\/wp\/v2\/product"}],"about":[{"href":"https:\/\/cadeguincho.com\/classificados\/wp-json\/wp\/v2\/types\/product"}],"replies":[{"embeddable":true,"href":"https:\/\/cadeguincho.com\/classificados\/wp-json\/wp\/v2\/comments?post=2932"}],"wp:featuredmedia":[{"embeddable":true,"href":"https:\/\/cadeguincho.com\/classificados\/wp-json\/wp\/v2\/media\/2933"}],"wp:attachment":[{"href":"https:\/\/cadeguincho.com\/classificados\/wp-json\/wp\/v2\/media?parent=2932"}],"wp:term":[{"taxonomy":"product_cat","embeddable":true,"href":"https:\/\/cadeguincho.com\/classificados\/wp-json\/wp\/v2\/product_cat?post=2932"},{"taxonomy":"product_tag","embeddable":true,"href":"https:\/\/cadeguincho.com\/classificados\/wp-json\/wp\/v2\/product_tag?post=2932"}],"curies":[{"name":"wp","href":"https:\/\/api.w.org\/{rel}","templated":true}]}}