{"id":3225,"date":"2024-01-16T14:13:22","date_gmt":"2024-01-16T17:13:22","guid":{"rendered":"https:\/\/200.11.120.99\/~cadeguin\/classificados\/?post_type=product&#038;p=3225"},"modified":"2026-04-11T17:05:40","modified_gmt":"2026-04-11T20:05:40","slug":"fiat-strada","status":"publish","type":"product","link":"https:\/\/cadeguincho.com\/classificados\/produto\/fiat-strada\/","title":{"rendered":"Fiat Strada 1.4 Flex Com Plataforma"},"content":{"rendered":"<p><strong>Carro Fiat Strada com Plataforma VENDIDO!<\/strong><\/p>\n<p>Modelo: Fiat Strada 1.4 flex<br \/>\nAno de fabrica\u00e7\u00e3o\/modelo: 2011\/2012<br \/>\nCom plataforma para transportar moto (moto resgate)<br \/>\nDocumenta\u00e7\u00e3o ok<br \/>\nPneus novos<br \/>\nSe interessar j\u00e1 passa com servi\u00e7o (a combinar)<\/p>\n","protected":false},"excerpt":{"rendered":"<p>Carro Fiat Strada com Plataforma VENDIDO! Modelo: Fiat Strada 1.4 flex Ano de fabrica\u00e7\u00e3o\/modelo: 2011\/2012 Com plataforma para transportar moto (moto resgate) Documenta\u00e7\u00e3o ok Pneus novos Se interessar j\u00e1 passa com servi\u00e7o (a combinar)<\/p>\n","protected":false},"featured_media":3230,"comment_status":"open","ping_status":"closed","template":"","meta":{"ocean_post_layout":"","ocean_both_sidebars_style":"","ocean_both_sidebars_content_width":0,"ocean_both_sidebars_sidebars_width":0,"ocean_sidebar":"","ocean_second_sidebar":"","ocean_disable_margins":"enable","ocean_add_body_class":"","ocean_shortcode_before_top_bar":"","ocean_shortcode_after_top_bar":"","ocean_shortcode_before_header":"","ocean_shortcode_after_header":"","ocean_has_shortcode":"","ocean_shortcode_after_title":"","ocean_shortcode_before_footer_widgets":"","ocean_shortcode_after_footer_widgets":"","ocean_shortcode_before_footer_bottom":"","ocean_shortcode_after_footer_bottom":"","ocean_display_top_bar":"default","ocean_display_header":"default","ocean_header_style":"","ocean_center_header_left_menu":"","ocean_custom_header_template":"","ocean_custom_logo":0,"ocean_custom_retina_logo":0,"ocean_custom_logo_max_width":0,"ocean_custom_logo_tablet_max_width":0,"ocean_custom_logo_mobile_max_width":0,"ocean_custom_logo_max_height":0,"ocean_custom_logo_tablet_max_height":0,"ocean_custom_logo_mobile_max_height":0,"ocean_header_custom_menu":"","ocean_menu_typo_font_family":"","ocean_menu_typo_font_subset":"","ocean_menu_typo_font_size":0,"ocean_menu_typo_font_size_tablet":0,"ocean_menu_typo_font_size_mobile":0,"ocean_menu_typo_font_size_unit":"px","ocean_menu_typo_font_weight":"","ocean_menu_typo_font_weight_tablet":"","ocean_menu_typo_font_weight_mobile":"","ocean_menu_typo_transform":"","ocean_menu_typo_transform_tablet":"","ocean_menu_typo_transform_mobile":"","ocean_menu_typo_line_height":0,"ocean_menu_typo_line_height_tablet":0,"ocean_menu_typo_line_height_mobile":0,"ocean_menu_typo_line_height_unit":"","ocean_menu_typo_spacing":0,"ocean_menu_typo_spacing_tablet":0,"ocean_menu_typo_spacing_mobile":0,"ocean_menu_typo_spacing_unit":"","ocean_menu_link_color":"","ocean_menu_link_color_hover":"","ocean_menu_link_color_active":"","ocean_menu_link_background":"","ocean_menu_link_hover_background":"","ocean_menu_link_active_background":"","ocean_menu_social_links_bg":"","ocean_menu_social_hover_links_bg":"","ocean_menu_social_links_color":"","ocean_menu_social_hover_links_color":"","ocean_disable_title":"default","ocean_disable_heading":"default","ocean_post_title":"","ocean_post_subheading":"","ocean_post_title_style":"","ocean_post_title_background_color":"","ocean_post_title_background":0,"ocean_post_title_bg_image_position":"","ocean_post_title_bg_image_attachment":"","ocean_post_title_bg_image_repeat":"","ocean_post_title_bg_image_size":"","ocean_post_title_height":0,"ocean_post_title_bg_overlay":0.5,"ocean_post_title_bg_overlay_color":"","ocean_disable_breadcrumbs":"default","ocean_breadcrumbs_color":"","ocean_breadcrumbs_separator_color":"","ocean_breadcrumbs_links_color":"","ocean_breadcrumbs_links_hover_color":"","ocean_display_footer_widgets":"default","ocean_display_footer_bottom":"default","ocean_custom_footer_template":"","spay_email":""},"product_cat":[173,174,172],"product_tag":[147,175,177,176],"class_list":{"0":"post-3225","1":"product","2":"type-product","3":"status-publish","4":"has-post-thumbnail","5":"hentry","6":"product_cat-carro","7":"product_cat-fiat-strada","8":"product_cat-plataforma","9":"product_tag-cade-guincho","10":"product_tag-fiat-strada","11":"product_tag-moto-resgate","12":"product_tag-plataforma-para-moto","14":"entry","15":"has-media","16":"owp-thumbs-layout-horizontal","17":"owp-btn-normal","18":"owp-tabs-layout-section"},"_links":{"self":[{"href":"https:\/\/cadeguincho.com\/classificados\/wp-json\/wp\/v2\/product\/3225","targetHints":{"allow":["GET"]}}],"collection":[{"href":"https:\/\/cadeguincho.com\/classificados\/wp-json\/wp\/v2\/product"}],"about":[{"href":"https:\/\/cadeguincho.com\/classificados\/wp-json\/wp\/v2\/types\/product"}],"replies":[{"embeddable":true,"href":"https:\/\/cadeguincho.com\/classificados\/wp-json\/wp\/v2\/comments?post=3225"}],"wp:featuredmedia":[{"embeddable":true,"href":"https:\/\/cadeguincho.com\/classificados\/wp-json\/wp\/v2\/media\/3230"}],"wp:attachment":[{"href":"https:\/\/cadeguincho.com\/classificados\/wp-json\/wp\/v2\/media?parent=3225"}],"wp:term":[{"taxonomy":"product_cat","embeddable":true,"href":"https:\/\/cadeguincho.com\/classificados\/wp-json\/wp\/v2\/product_cat?post=3225"},{"taxonomy":"product_tag","embeddable":true,"href":"https:\/\/cadeguincho.com\/classificados\/wp-json\/wp\/v2\/product_tag?post=3225"}],"curies":[{"name":"wp","href":"https:\/\/api.w.org\/{rel}","templated":true}]}}