{"id":3352,"date":"2024-03-26T08:47:33","date_gmt":"2024-03-26T11:47:33","guid":{"rendered":"https:\/\/200.11.120.99\/~cadeguin\/classificados\/?post_type=product&#038;p=3352"},"modified":"2024-03-26T11:28:54","modified_gmt":"2024-03-26T14:28:54","slug":"guincho-accelo-1016-ano-2012","status":"publish","type":"product","link":"https:\/\/cadeguincho.com\/classificados\/produto\/guincho-accelo-1016-ano-2012\/","title":{"rendered":"Guincho Accelo 1016 ano 2012"},"content":{"rendered":"<p><strong>Caminh\u00e3o Guincho Accelo 1016 dispon\u00edvel!<\/strong><\/p>\n<p>Marca: Mercedes-Benz<br \/>\nModelo: Accelo 1016<br \/>\nAno de fabrica\u00e7\u00e3o\/modelo: 2012<br \/>\nPlataforma 6.40 x 2.30<br \/>\nPossui asa delta<br \/>\nRedutor de 4.5 com controle remoto<br \/>\nCaminh\u00e3o completo, possui ar frio e ar quente, vidro el\u00e9trico, travas el\u00e9tricas, alarmes com interface, plataforma de viga refor\u00e7ada.<\/p>\n<p><strong>Se interessou? Deixe as suas informa\u00e7\u00f5es que entraremos em contato!<\/strong><\/p>\n<div id='contact-form-3352'>\n<form action='https:\/\/cadeguincho.com\/classificados\/produto\/guincho-accelo-1016-ano-2012\/#contact-form-3352' method='post' class='contact-form commentsblock'>\n\n<div class='grunion-field-wrap grunion-field-name-wrap'  >\n<label\n\t\t\t\tfor='g3352-nome'\n\t\t\t\tclass='grunion-field-label name'\n\t\t\t\t>Nome<span>(obrigat\u00f3rio)<\/span><\/label>\n<input\n\t\t\t\t\ttype='text'\n\t\t\t\t\tname='g3352-nome'\n\t\t\t\t\tid='g3352-nome'\n\t\t\t\t\tvalue=''\n\t\t\t\t\tclass='name' \n\t\t\t\t\trequired aria-required='true'\n\t\t\t\t\/>\n\t<\/div>\n\n<div class='grunion-field-wrap grunion-field-text-wrap'  >\n<label\n\t\t\t\tfor='g3352-telefone'\n\t\t\t\tclass='grunion-field-label text'\n\t\t\t\t>Telefone<span>(obrigat\u00f3rio)<\/span><\/label>\n<input\n\t\t\t\t\ttype='text'\n\t\t\t\t\tname='g3352-telefone'\n\t\t\t\t\tid='g3352-telefone'\n\t\t\t\t\tvalue=''\n\t\t\t\t\tclass='text' \n\t\t\t\t\trequired aria-required='true'\n\t\t\t\t\/>\n\t<\/div>\n\n<div class='grunion-field-wrap grunion-field-textarea-wrap'  >\n<label\n\t\t\t\tfor='contact-form-comment-g3352-mensagem'\n\t\t\t\tclass='grunion-field-label textarea'\n\t\t\t\t>Mensagem<\/label>\n<textarea\n\t\t                name='g3352-mensagem'\n\t\t                id='contact-form-comment-g3352-mensagem'\n\t\t                rows='20' class='textarea'  ><\/textarea>\n\t<\/div>\n\t<p class='contact-submit'>\n\t\t<button type='submit' class='pushbutton-wide'>Enviar<\/button>\t\t<input type='hidden' name='contact-form-id' value='3352' \/>\n\t\t<input type='hidden' name='action' value='grunion-contact-form' \/>\n\t\t<input type='hidden' name='contact-form-hash' value='71a1e16a74255b06e05c787f86eac92b0e93880a' \/>\n\t<\/p>\n<\/form>\n<\/div>\n","protected":false},"excerpt":{"rendered":"<p>Caminh\u00e3o Guincho Accelo 1016 dispon\u00edvel! Marca: Mercedes-Benz Modelo: Accelo 1016 Ano de fabrica\u00e7\u00e3o\/modelo: 2012 Plataforma 6.40 x 2.30 Possui asa delta Redutor de 4.5 com controle remoto Caminh\u00e3o completo, possui ar frio e ar quente, vidro el\u00e9trico, travas el\u00e9tricas, alarmes com interface, plataforma de viga refor\u00e7ada. Se interessou? Deixe as suas informa\u00e7\u00f5es que entraremos em [&hellip;]<\/p>\n","protected":false},"featured_media":3374,"comment_status":"open","ping_status":"closed","template":"","meta":{"ocean_post_layout":"","ocean_both_sidebars_style":"","ocean_both_sidebars_content_width":0,"ocean_both_sidebars_sidebars_width":0,"ocean_sidebar":"0","ocean_second_sidebar":"0","ocean_disable_margins":"enable","ocean_add_body_class":"","ocean_shortcode_before_top_bar":"","ocean_shortcode_after_top_bar":"","ocean_shortcode_before_header":"","ocean_shortcode_after_header":"","ocean_has_shortcode":"","ocean_shortcode_after_title":"","ocean_shortcode_before_footer_widgets":"","ocean_shortcode_after_footer_widgets":"","ocean_shortcode_before_footer_bottom":"","ocean_shortcode_after_footer_bottom":"","ocean_display_top_bar":"default","ocean_display_header":"default","ocean_header_style":"","ocean_center_header_left_menu":"0","ocean_custom_header_template":"0","ocean_custom_logo":0,"ocean_custom_retina_logo":0,"ocean_custom_logo_max_width":0,"ocean_custom_logo_tablet_max_width":0,"ocean_custom_logo_mobile_max_width":0,"ocean_custom_logo_max_height":0,"ocean_custom_logo_tablet_max_height":0,"ocean_custom_logo_mobile_max_height":0,"ocean_header_custom_menu":"0","ocean_menu_typo_font_family":"0","ocean_menu_typo_font_subset":"","ocean_menu_typo_font_size":0,"ocean_menu_typo_font_size_tablet":0,"ocean_menu_typo_font_size_mobile":0,"ocean_menu_typo_font_size_unit":"px","ocean_menu_typo_font_weight":"","ocean_menu_typo_font_weight_tablet":"","ocean_menu_typo_font_weight_mobile":"","ocean_menu_typo_transform":"","ocean_menu_typo_transform_tablet":"","ocean_menu_typo_transform_mobile":"","ocean_menu_typo_line_height":0,"ocean_menu_typo_line_height_tablet":0,"ocean_menu_typo_line_height_mobile":0,"ocean_menu_typo_line_height_unit":"","ocean_menu_typo_spacing":0,"ocean_menu_typo_spacing_tablet":0,"ocean_menu_typo_spacing_mobile":0,"ocean_menu_typo_spacing_unit":"","ocean_menu_link_color":"","ocean_menu_link_color_hover":"","ocean_menu_link_color_active":"","ocean_menu_link_background":"","ocean_menu_link_hover_background":"","ocean_menu_link_active_background":"","ocean_menu_social_links_bg":"","ocean_menu_social_hover_links_bg":"","ocean_menu_social_links_color":"","ocean_menu_social_hover_links_color":"","ocean_disable_title":"default","ocean_disable_heading":"default","ocean_post_title":"","ocean_post_subheading":"","ocean_post_title_style":"","ocean_post_title_background_color":"","ocean_post_title_background":0,"ocean_post_title_bg_image_position":"","ocean_post_title_bg_image_attachment":"","ocean_post_title_bg_image_repeat":"","ocean_post_title_bg_image_size":"","ocean_post_title_height":0,"ocean_post_title_bg_overlay":0.5,"ocean_post_title_bg_overlay_color":"","ocean_disable_breadcrumbs":"default","ocean_breadcrumbs_color":"","ocean_breadcrumbs_separator_color":"","ocean_breadcrumbs_links_color":"","ocean_breadcrumbs_links_hover_color":"","ocean_display_footer_widgets":"default","ocean_display_footer_bottom":"default","ocean_custom_footer_template":"0","spay_email":""},"product_cat":[155,70,178,172,98],"product_tag":[38,147,145,135,143,85,96],"class_list":{"0":"post-3352","1":"product","2":"type-product","3":"status-publish","4":"has-post-thumbnail","5":"hentry","6":"product_cat-asa-delta","7":"product_cat-guincho-leve","8":"product_cat-mercedes-benz","9":"product_cat-plataforma","10":"product_cat-plataforma-leve","11":"product_tag-asa-delta","12":"product_tag-cade-guincho","13":"product_tag-caminhao-guincho","14":"product_tag-guincho","15":"product_tag-guincho-asa-delta","16":"product_tag-mercedes","17":"product_tag-plataforma","19":"entry","20":"has-media","21":"owp-thumbs-layout-horizontal","22":"owp-btn-normal","23":"owp-tabs-layout-section"},"_links":{"self":[{"href":"https:\/\/cadeguincho.com\/classificados\/wp-json\/wp\/v2\/product\/3352","targetHints":{"allow":["GET"]}}],"collection":[{"href":"https:\/\/cadeguincho.com\/classificados\/wp-json\/wp\/v2\/product"}],"about":[{"href":"https:\/\/cadeguincho.com\/classificados\/wp-json\/wp\/v2\/types\/product"}],"replies":[{"embeddable":true,"href":"https:\/\/cadeguincho.com\/classificados\/wp-json\/wp\/v2\/comments?post=3352"}],"wp:featuredmedia":[{"embeddable":true,"href":"https:\/\/cadeguincho.com\/classificados\/wp-json\/wp\/v2\/media\/3374"}],"wp:attachment":[{"href":"https:\/\/cadeguincho.com\/classificados\/wp-json\/wp\/v2\/media?parent=3352"}],"wp:term":[{"taxonomy":"product_cat","embeddable":true,"href":"https:\/\/cadeguincho.com\/classificados\/wp-json\/wp\/v2\/product_cat?post=3352"},{"taxonomy":"product_tag","embeddable":true,"href":"https:\/\/cadeguincho.com\/classificados\/wp-json\/wp\/v2\/product_tag?post=3352"}],"curies":[{"name":"wp","href":"https:\/\/api.w.org\/{rel}","templated":true}]}}